{"id":47,"date":"2012-11-16T05:58:25","date_gmt":"2012-11-16T05:58:25","guid":{"rendered":"http:\/\/novosite.matanza.com.br\/?page_id=47"},"modified":"2012-12-03T06:00:58","modified_gmt":"2012-12-03T06:00:58","slug":"release-matanza","status":"publish","type":"page","link":"https:\/\/www.matanza.com.br\/?page_id=47","title":{"rendered":"Release Matanza"},"content":{"rendered":"<div id=\"post-entry-excerpt-47\" class=\"entry-part\"><p>Tocando desde 1997, o Matanza se tornou umas das mais respeitadas e conhecidas bandas de rock pesado do Brasil. Os shows s\u00e3o muitos, uma media de 90 por ano. As m\u00fasicas falam de temas pr\u00f3ximos das pessoas normais, como ressacas e dias onde a melhor solu\u00e7\u00e3o seria mandar tudo pro inferno. Talvez sua defini\u00e7\u00e3o musical seja a melhor tradu\u00e7\u00e3o pra isso tudo: Country hardcore. As letras humanas e c\u00ednicas do country, com a urg\u00eancia da musica hardcore. H\u00e1 de se lembrar de seu vocalista\/apresentador de TV viking Jimmy e seu guitarrista\/compositor\/desenhista Donida, respons\u00e1veis por todo um universo que vem se fazendo muito presente na cena roqueira do Brasil, sem nunca deixar de usar o humor, e porque n\u00e3o, o mau humor&#8230;<\/p>\n<p>&nbsp;<\/p>\n<h2 align=\"center\">Curr\u00edculo Matanza<\/h2>\n<p>&nbsp;<\/p>\n<h3>Discografia<\/h3>\n<ul>\n<li>Santa Madre Cassino \u2013 2001<\/li>\n<li>M\u00fasica Para Beber e Brigar \u2013 2003<\/li>\n<li>To Hell With Johnny Cash \u2013 2005 (primeiro dual disc lancado no Brasil)<\/li>\n<li>A Arte do Insulto \u2013 2006<\/li>\n<li>MTV Apresenta Matanza \u2013 2008 (CD e DVD)<\/li>\n<li>Odiosa Natureza Humana \u2013 2011<\/li>\n<li>\u00a0Thunder Dope &#8211; 2012<\/li>\n<\/ul>\n<p>(todos os discos lan\u00e7ados pela gravadora DeckDisc, a mesma de Pitty, Cachorro Grande e outros)<\/p>\n<p>&nbsp;<\/p>\n<h3>Principais festivais:<\/h3>\n<p>Rock in Rio 2011 (palco\u00a0Sunset)<\/p>\n<p>Abril pro Rock (2\u00a0participa\u00e7\u00f5es)<\/p>\n<p>Por\u00e3o do Rock (3 participa\u00e7\u00f5es)<\/p>\n<p>Maquinaria<\/p>\n<p>Sepulfest<\/p>\n<p>Virada Cultural SP (Palco Anhangaba\u00fa)<\/p>\n<p>Goi\u00e2nia Noise (3 participa\u00e7\u00f5es)<\/p>\n<p>Abertura do show do Motorhead (3 participa\u00e7\u00f5es, em anos distintos)<\/p>\n<p>MTV ao vivo no Circo Voador<\/p>\n<p><strong>\u00a0<\/strong><\/p>\n<h3>M\u00eddia e Shows:<\/h3>\n<p>O Matanza faz uma m\u00e9dia de 90 shows por ano, todos de m\u00e9dio a grande porte, por todo Brasil. Extensa participa\u00e7\u00e3o em m\u00eddia impressa, incluindo duas capas do caderno de cultura do Jornal O Globo, do Rio de Janeiro, revista Playboy, Folha de SP, Estado de SP e em in\u00fameras publica\u00e7\u00f5es especializadas ou n\u00e3o em m\u00fasica. Na TV, o Matanza se faz presente fortemente na MTV, onde seu vocalista apresentou o programa &#8220;Pimp My Ride-Brasil&#8221;, e teve seu DVD lan\u00e7ado em parceria com a emissora. A apresenta\u00e7\u00e3o que deu origem ao DVD foi transmitida na \u00edntegra em in\u00fameras ocasi\u00f5es, gerando muita visibilidade \u00e0s marcas parceiras, e o videoclipe da m\u00fasica &#8220;Tempo Ruim&#8221; foi extra\u00eddo do DVD, todo com cenas da banda tocando ao vivo.<\/p>\n<p>&nbsp;<\/p>\n<h3>Internet<\/h3>\n<p><a href=\"file:\/\/\/I:\/Projetos\/Matanza\/NovoMaterial\/old.matanza.com.br\">www.matanza.com.br<\/a><\/p>\n<h4>Facebook:<\/h4>\n<p><a href=\"http:\/\/www.facebook.com\/matanzaoficial\">http:\/\/www.facebook.com\/matanzaoficial<\/a><\/p>\n<h4>Youtube:<\/h4>\n<p>Mais de 5 milh\u00f5es de\u00a0\u00a0views de nossos 5 principais clipes. No total, nossos clipes e apresenta\u00e7\u00f5es ultrapassam facilmente 25 milh\u00f5es de views.<\/p>\n<p><a href=\"http:\/\/www.youtube.com\/watch?v=kvM1erqJQYE&amp;feature=browch\">http:\/\/www.youtube.com\/watch?v=kvM1erqJQYE&amp;feature=browch<\/a><\/p>\n<p><a href=\"http:\/\/www.youtube.com\/watch?v=AA3p5NvuEq0\">http:\/\/www.youtube.com\/watch?v=AA3p5NvuEq0<\/a><\/p>\n<p><a href=\"http:\/\/www.youtube.com\/watch?v=6WKZpkJz47Y\">http:\/\/www.youtube.com\/watch?v=6WKZpkJz47Y<\/a><\/p>\n<p><a href=\"http:\/\/www.youtube.com\/watch?v=YrAoTDttMNc\">http:\/\/www.youtube.com\/watch?v=YrAoTDttMNc<\/a><\/p>\n<p><a href=\"http:\/\/www.youtube.com\/watch?v=JjfAIq3uMnI\">http:\/\/www.youtube.com\/watch?v=JjfAIq3uMnI<\/a><\/p>\n<h4>Orkut:<\/h4>\n<p><a href=\"http:\/\/www.orkut.com.br\/Main#Community?cmm=65683\">http:\/\/www.orkut.com.br\/Main#Community?cmm=65683<\/a><\/p>\n<p>42 mil pessoas na comunidade principal.<\/p>\n<h4>Myspace:<\/h4>\n<p><a href=\"file:\/\/\/I:\/Projetos\/Matanza\/NovoMaterial\/www.myspace.com\/matanzacountrycore\">www.myspace.com\/matanzacountrycore<\/a><\/p>\n<p>15 mil amigos.<\/p>\n<h4>Twitter:<\/h4>\n<p>@bandamatanza<\/p>\n<p>23mil seguidores<\/p>\n<\/div><div id=\"post-footer-47\" class=\"post-footer clear\"><\/div>","protected":false},"excerpt":{"rendered":"<p>Tocando desde 1997, o Matanza se tornou umas das mais respeitadas e conhecidas bandas de rock pesado do Brasil. Os shows s\u00e3o muitos, uma media de 90 por ano. As m\u00fasicas falam de temas pr\u00f3ximos das pessoas normais, como ressacas e dias onde a melhor solu\u00e7\u00e3o seria mandar tudo pro inferno. Talvez sua defini\u00e7\u00e3o musical [&hellip;]<\/p>\n","protected":false},"author":2,"featured_media":0,"parent":12,"menu_order":0,"comment_status":"closed","ping_status":"closed","template":"page-default.php","meta":[],"acf":[],"_links":{"self":[{"href":"https:\/\/www.matanza.com.br\/index.php?rest_route=\/wp\/v2\/pages\/47"}],"collection":[{"href":"https:\/\/www.matanza.com.br\/index.php?rest_route=\/wp\/v2\/pages"}],"about":[{"href":"https:\/\/www.matanza.com.br\/index.php?rest_route=\/wp\/v2\/types\/page"}],"author":[{"embeddable":true,"href":"https:\/\/www.matanza.com.br\/index.php?rest_route=\/wp\/v2\/users\/2"}],"replies":[{"embeddable":true,"href":"https:\/\/www.matanza.com.br\/index.php?rest_route=%2Fwp%2Fv2%2Fcomments&post=47"}],"version-history":[{"count":3,"href":"https:\/\/www.matanza.com.br\/index.php?rest_route=\/wp\/v2\/pages\/47\/revisions"}],"predecessor-version":[{"id":177,"href":"https:\/\/www.matanza.com.br\/index.php?rest_route=\/wp\/v2\/pages\/47\/revisions\/177"}],"up":[{"embeddable":true,"href":"https:\/\/www.matanza.com.br\/index.php?rest_route=\/wp\/v2\/pages\/12"}],"wp:attachment":[{"href":"https:\/\/www.matanza.com.br\/index.php?rest_route=%2Fwp%2Fv2%2Fmedia&parent=47"}],"curies":[{"name":"wp","href":"https:\/\/api.w.org\/{rel}","templated":true}]}}